{"id":7972,"date":"2014-04-09T17:37:35","date_gmt":"2014-04-09T15:37:35","guid":{"rendered":"https:\/\/hotels-ohne-wlan.com\/impressum\/"},"modified":"2024-06-16T17:22:21","modified_gmt":"2024-06-16T15:22:21","slug":"impressum","status":"publish","type":"page","link":"https:\/\/hotels-ohne-wlan.com\/en\/impressum\/","title":{"rendered":"Imprint"},"content":{"rendered":"<p><em>Diese Website wird betrieben von<\/em><\/p>\n<p><strong>ecohome 4.2 GmbH<\/strong><br \/>\nVertretungsberechtigte Gesch\u00e4ftsf\u00fchrerin: Isabella Bosler<br \/>\nBrandlstra\u00dfe 21<br \/>\nD-83259 Schleching<br \/>\nPhone\/Fax: +49 8649 2163249<br \/>\nMail: <a title=\"Kontakt\" href=\"mailto:desk@hotels-ohne-wlan.com\" target=\"_blank\" rel=\"noopener noreferrer\">desk@hotels-ohne-wlan.com<\/a><br \/>\nUSt-Id.Nr. DE289641154<\/p>\n<p><strong><em>Hinweis:<\/em><\/strong> Die Verzeichnisse auf dieser Website k\u00f6nnen lediglich als Hilfe bei der Suche nach elektrosmogreduzierten Unterk\u00fcnften und Restaurationsbetrieben dienen. F\u00fcr die Richtigkeit und Aktualit\u00e4t der Angaben \u00fcbernimmt der Seitenbetreiber keine Verantwortung. Bitte erkundigen Sie sich daher bei einer Buchung noch selbst hinsichtlich der gegebenen Situation vor Ort.<\/p>\n<p>Haben Sie Fragen oder Anregungen? Dann z\u00f6gern Sie nicht, uns zu kontaktieren.<\/p>\n<p>Sehen Sie sich <a href=\"https:\/\/hotels-ohne-wlan.com\/en\/datenschutzerklaerung\/\" target=\"_blank\" rel=\"noopener\">hier<\/a> auch unsere <strong>Privacy policy<\/strong> an.<\/p>\n<p><strong><em>Copyright:<\/em><\/strong> Die durch die Seitenbetreiber erstellten Inhalte und Werke auf diesen Seiten unterliegen dem deutschen Urheberrecht. Die Vervielf\u00e4ltigung, Bearbeitung, Verbreitung und jede Art der Verwertung au\u00dferhalb der Grenzen des Urheberrechtes bed\u00fcrfen der schriftlichen Zustimmung des jeweiligen Autors bzw. Erstellers. Downloads und Kopien dieser Seite sind nur f\u00fcr den privaten, nicht kommerziellen Gebrauch gestattet. Soweit die Inhalte auf dieser Seite nicht vom Betreiber erstellt wurden, werden die Urheberrechte Dritter beachtet. Insbesondere werden Inhalte Dritter als solche gekennzeichnet. Sollten Sie trotzdem auf eine Urheberrechtsverletzung aufmerksam werden, bitten wir um einen entsprechenden Hinweis. Bei Bekanntwerden von Rechtsverletzungen werden wir derartige Inhalte umgehend entfernen.<\/p>\n<p><strong><em>Bildnachweis:<\/em><\/strong> In einigen Blogartikeln werden Bilder aus den Bilddatenbanken <a href=\"http:\/\/www.pixelio.de\/\" target=\"_blank\" rel=\"noopener noreferrer\">pixelio.de<\/a>, <a href=\"https:\/\/pixabay.com\/\" target=\"_blank\" rel=\"noopener noreferrer\">pixabay<\/a>, <a href=\"https:\/\/de.fotolia.com\/\" target=\"_blank\" rel=\"noopener noreferrer\">Fotolia<\/a> und <a href=\"http:\/\/de.depositphotos.com\" target=\"_blank\" rel=\"noopener noreferrer\">depositphotos<\/a> verwendet. Die Autorennamen finden Sie im Bildquellennachweis am jeweiligen Artikelende. Das Copyright f\u00fcr die Fotos auf den Eintragsseiten liegt beim jeweiligen pr\u00e4sentierten Unternehmen. Die <a href=\"http:\/\/www.senojflags.com\">L\u00e4nderflaggen<\/a> stammen von <a href=\"http:\/\/www.senojflags.com\">Senojflags<\/a>.<\/p>\n<p><em>Alle Angaben auf dieser Website ohne Gew\u00e4hr. Irrt\u00fcmer, Fehler und \u00c4nderung vorbehalten.<\/em><\/p>","protected":false},"excerpt":{"rendered":"<p>Diese Website wird betrieben von ecohome 4.2 GmbH Vertretungsberechtigte Gesch\u00e4ftsf\u00fchrerin: Isabella Bosler Brandlstra\u00dfe 21 D-83259 Schleching Phone\/Fax: +49 8649 2163249 Mail: desk@hotels-ohne-wlan.com USt-Id.Nr. DE289641154 Hinweis: Die Verzeichnisse auf dieser Website k\u00f6nnen lediglich als Hilfe bei der Suche nach elektrosmogreduzierten Unterk\u00fcnften und Restaurationsbetrieben dienen. F\u00fcr die Richtigkeit und Aktualit\u00e4t der Angaben \u00fcbernimmt der Seitenbetreiber keine Verantwortung. [&hellip;]<\/p>","protected":false},"author":37,"featured_media":0,"parent":0,"menu_order":50,"comment_status":"closed","ping_status":"closed","template":"","meta":{"_citadela_hide_page_title":"","_citadela_remove_header_space":"","_citadela_custom_class":"","_citadela_half_map_provider":"","_citadela_half_map_theme":"","_citadela_half_map_themeOSM":"","_citadela_half_map_customTheme":"","_citadela_half_map_dataType":"","_citadela_half_map_dynamicTrack":false,"_citadela_half_map_trackColor":"","_citadela_half_map_trackEndpointsColor":"","_citadela_half_map_filterCategory":"","_citadela_half_map_filterLocation":"","_citadela_half_map_filterFeatured":false,"_citadela_half_map_noDataBehavior":"empty-map","_citadela_half_map_noDataText":"","_citadela_half_map_clusterGridSize":80,"_citadela_header":false,"_citadela_header_over_content":false,"_citadela_header_text_color":"","_citadela_header_logo":[],"_citadela_header_bg_image":[],"_citadela_header_bg_position":[],"_citadela_header_bg_size":"","_citadela_header_bg_repeat":"","_citadela_header_bg_fixed":false,"_citadela_header_bg_color":"","_citadela_header_bg_image_overlay":"","_citadela_header_transparent_bg":false,"_citadela_content_width":"","_citadela_half_layout_position":"","footnotes":""},"class_list":["post-7972","page","type-page","status-publish","hentry"],"_links":{"self":[{"href":"https:\/\/hotels-ohne-wlan.com\/en\/wp-json\/wp\/v2\/pages\/7972","targetHints":{"allow":["GET"]}}],"collection":[{"href":"https:\/\/hotels-ohne-wlan.com\/en\/wp-json\/wp\/v2\/pages"}],"about":[{"href":"https:\/\/hotels-ohne-wlan.com\/en\/wp-json\/wp\/v2\/types\/page"}],"author":[{"embeddable":true,"href":"https:\/\/hotels-ohne-wlan.com\/en\/wp-json\/wp\/v2\/users\/37"}],"replies":[{"embeddable":true,"href":"https:\/\/hotels-ohne-wlan.com\/en\/wp-json\/wp\/v2\/comments?post=7972"}],"version-history":[{"count":3,"href":"https:\/\/hotels-ohne-wlan.com\/en\/wp-json\/wp\/v2\/pages\/7972\/revisions"}],"predecessor-version":[{"id":8732,"href":"https:\/\/hotels-ohne-wlan.com\/en\/wp-json\/wp\/v2\/pages\/7972\/revisions\/8732"}],"wp:attachment":[{"href":"https:\/\/hotels-ohne-wlan.com\/en\/wp-json\/wp\/v2\/media?parent=7972"}],"curies":[{"name":"wp","href":"https:\/\/api.w.org\/{rel}","templated":true}]}}